{"id":498,"date":"2016-10-02T12:16:43","date_gmt":"2016-10-02T12:16:43","guid":{"rendered":"http:\/\/lucanacozinha.com.br\/?page_id=498"},"modified":"2020-06-11T15:19:17","modified_gmt":"2020-06-11T18:19:17","slug":"receitas","status":"publish","type":"page","link":"https:\/\/lucanacozinha.com.br\/index.php\/receitas\/","title":{"rendered":"Receitas"},"content":{"rendered":"<p>Aqui voc\u00ea v\u00ea tudo que j\u00e1 passou pelo site e volta e meia reaparece na cozinha da Luca.<\/p>\n","protected":false},"excerpt":{"rendered":"<p>Aqui voc\u00ea v\u00ea tudo que j\u00e1 passou pelo site e volta e meia reaparece na cozinha da Luca.<\/p>\n<p><a class=\"more-link\" href=\"https:\/\/lucanacozinha.com.br\/index.php\/receitas\/\">Read More<\/a><\/p>","protected":false},"author":1,"featured_media":0,"parent":0,"menu_order":5,"comment_status":"closed","ping_status":"closed","template":"templates\/page-recipes.php","meta":{"om_disable_all_campaigns":false,"wprm-recipe-roundup-name":"","wprm-recipe-roundup-description":"","_monsterinsights_skip_tracking":false,"_monsterinsights_sitenote_active":false,"_monsterinsights_sitenote_note":"","_monsterinsights_sitenote_category":0,"_genesis_hide_title":false,"_genesis_hide_breadcrumbs":false,"_genesis_hide_singular_image":false,"_genesis_hide_footer_widgets":false,"_genesis_custom_body_class":"","_genesis_custom_post_class":"","_genesis_layout":"alt-sidebar-content","footnotes":""},"class_list":{"0":"post-498","1":"page","2":"type-page","3":"status-publish","5":"entry"},"aioseo_notices":[],"yoast_head":"<!-- This site is optimized with the Yoast SEO plugin v27.2 - https:\/\/yoast.com\/product\/yoast-seo-wordpress\/ -->\n<title>Receitas - LUCA NA COZINHA<\/title>\n<meta name=\"robots\" content=\"index, follow, max-snippet:-1, max-image-preview:large, max-video-preview:-1\" \/>\n<link rel=\"canonical\" href=\"https:\/\/lucanacozinha.com.br\/index.php\/receitas\/\" \/>\n<meta property=\"og:locale\" content=\"pt_BR\" \/>\n<meta property=\"og:type\" content=\"article\" \/>\n<meta property=\"og:title\" content=\"Receitas - LUCA NA COZINHA\" \/>\n<meta property=\"og:description\" content=\"Aqui voc\u00ea v\u00ea tudo que j\u00e1 passou pelo site e volta e meia reaparece na cozinha da Luca.\" \/>\n<meta property=\"og:url\" content=\"https:\/\/lucanacozinha.com.br\/index.php\/receitas\/\" \/>\n<meta property=\"og:site_name\" content=\"LUCA NA COZINHA\" \/>\n<meta property=\"article:publisher\" content=\"https:\/\/www.facebook.com\/lucanacozinha\" \/>\n<meta property=\"article:modified_time\" content=\"2020-06-11T18:19:17+00:00\" \/>\n<meta name=\"twitter:card\" content=\"summary_large_image\" \/>\n<script type=\"application\/ld+json\" class=\"yoast-schema-graph\">{\"@context\":\"https:\/\/schema.org\",\"@graph\":[{\"@type\":\"WebPage\",\"@id\":\"https:\/\/lucanacozinha.com.br\/index.php\/receitas\/\",\"url\":\"https:\/\/lucanacozinha.com.br\/index.php\/receitas\/\",\"name\":\"Receitas - LUCA NA COZINHA\",\"isPartOf\":{\"@id\":\"https:\/\/lucanacozinha.com.br\/#website\"},\"datePublished\":\"2016-10-02T12:16:43+00:00\",\"dateModified\":\"2020-06-11T18:19:17+00:00\",\"breadcrumb\":{\"@id\":\"https:\/\/lucanacozinha.com.br\/index.php\/receitas\/#breadcrumb\"},\"inLanguage\":\"pt-BR\",\"potentialAction\":[{\"@type\":\"ReadAction\",\"target\":[\"https:\/\/lucanacozinha.com.br\/index.php\/receitas\/\"]}]},{\"@type\":\"BreadcrumbList\",\"@id\":\"https:\/\/lucanacozinha.com.br\/index.php\/receitas\/#breadcrumb\",\"itemListElement\":[{\"@type\":\"ListItem\",\"position\":1,\"name\":\"In\u00edcio\",\"item\":\"https:\/\/lucanacozinha.com.br\/\"},{\"@type\":\"ListItem\",\"position\":2,\"name\":\"Receitas\"}]},{\"@type\":\"WebSite\",\"@id\":\"https:\/\/lucanacozinha.com.br\/#website\",\"url\":\"https:\/\/lucanacozinha.com.br\/\",\"name\":\"LUCA NA COZINHA\",\"description\":\"Aqui sempre tem algu\u00e9m respirando ideias culin\u00e1rias =)\",\"publisher\":{\"@id\":\"https:\/\/lucanacozinha.com.br\/#\/schema\/person\/ccbda556f06303260edd9fa8bad76973\"},\"potentialAction\":[{\"@type\":\"SearchAction\",\"target\":{\"@type\":\"EntryPoint\",\"urlTemplate\":\"https:\/\/lucanacozinha.com.br\/?s={search_term_string}\"},\"query-input\":{\"@type\":\"PropertyValueSpecification\",\"valueRequired\":true,\"valueName\":\"search_term_string\"}}],\"inLanguage\":\"pt-BR\"},{\"@type\":[\"Person\",\"Organization\"],\"@id\":\"https:\/\/lucanacozinha.com.br\/#\/schema\/person\/ccbda556f06303260edd9fa8bad76973\",\"name\":\"Luca\",\"image\":{\"@type\":\"ImageObject\",\"inLanguage\":\"pt-BR\",\"@id\":\"https:\/\/lucanacozinha.com.br\/wp-content\/uploads\/2022\/08\/avatar_stock.jpg\",\"url\":\"https:\/\/lucanacozinha.com.br\/wp-content\/uploads\/2022\/08\/avatar_stock.jpg\",\"contentUrl\":\"https:\/\/lucanacozinha.com.br\/wp-content\/uploads\/2022\/08\/avatar_stock.jpg\",\"width\":80,\"height\":80,\"caption\":\"Luca\"},\"logo\":{\"@id\":\"https:\/\/lucanacozinha.com.br\/wp-content\/uploads\/2022\/08\/avatar_stock.jpg\"},\"sameAs\":[\"https:\/\/www.facebook.com\/lucanacozinha\",\"https:\/\/www.instagram.com\/lucanacozinha\",\"https:\/\/www.pinterest.com\/lucanacozinha\",\"https:\/\/youtube.com\/lucanacozinha\/\"]}]}<\/script>\n<!-- \/ Yoast SEO plugin. -->","yoast_head_json":{"title":"Receitas - LUCA NA COZINHA","robots":{"index":"index","follow":"follow","max-snippet":"max-snippet:-1","max-image-preview":"max-image-preview:large","max-video-preview":"max-video-preview:-1"},"canonical":"https:\/\/lucanacozinha.com.br\/index.php\/receitas\/","og_locale":"pt_BR","og_type":"article","og_title":"Receitas - LUCA NA COZINHA","og_description":"Aqui voc\u00ea v\u00ea tudo que j\u00e1 passou pelo site e volta e meia reaparece na cozinha da Luca.","og_url":"https:\/\/lucanacozinha.com.br\/index.php\/receitas\/","og_site_name":"LUCA NA COZINHA","article_publisher":"https:\/\/www.facebook.com\/lucanacozinha","article_modified_time":"2020-06-11T18:19:17+00:00","twitter_card":"summary_large_image","schema":{"@context":"https:\/\/schema.org","@graph":[{"@type":"WebPage","@id":"https:\/\/lucanacozinha.com.br\/index.php\/receitas\/","url":"https:\/\/lucanacozinha.com.br\/index.php\/receitas\/","name":"Receitas - LUCA NA COZINHA","isPartOf":{"@id":"https:\/\/lucanacozinha.com.br\/#website"},"datePublished":"2016-10-02T12:16:43+00:00","dateModified":"2020-06-11T18:19:17+00:00","breadcrumb":{"@id":"https:\/\/lucanacozinha.com.br\/index.php\/receitas\/#breadcrumb"},"inLanguage":"pt-BR","potentialAction":[{"@type":"ReadAction","target":["https:\/\/lucanacozinha.com.br\/index.php\/receitas\/"]}]},{"@type":"BreadcrumbList","@id":"https:\/\/lucanacozinha.com.br\/index.php\/receitas\/#breadcrumb","itemListElement":[{"@type":"ListItem","position":1,"name":"In\u00edcio","item":"https:\/\/lucanacozinha.com.br\/"},{"@type":"ListItem","position":2,"name":"Receitas"}]},{"@type":"WebSite","@id":"https:\/\/lucanacozinha.com.br\/#website","url":"https:\/\/lucanacozinha.com.br\/","name":"LUCA NA COZINHA","description":"Aqui sempre tem algu\u00e9m respirando ideias culin\u00e1rias =)","publisher":{"@id":"https:\/\/lucanacozinha.com.br\/#\/schema\/person\/ccbda556f06303260edd9fa8bad76973"},"potentialAction":[{"@type":"SearchAction","target":{"@type":"EntryPoint","urlTemplate":"https:\/\/lucanacozinha.com.br\/?s={search_term_string}"},"query-input":{"@type":"PropertyValueSpecification","valueRequired":true,"valueName":"search_term_string"}}],"inLanguage":"pt-BR"},{"@type":["Person","Organization"],"@id":"https:\/\/lucanacozinha.com.br\/#\/schema\/person\/ccbda556f06303260edd9fa8bad76973","name":"Luca","image":{"@type":"ImageObject","inLanguage":"pt-BR","@id":"https:\/\/lucanacozinha.com.br\/wp-content\/uploads\/2022\/08\/avatar_stock.jpg","url":"https:\/\/lucanacozinha.com.br\/wp-content\/uploads\/2022\/08\/avatar_stock.jpg","contentUrl":"https:\/\/lucanacozinha.com.br\/wp-content\/uploads\/2022\/08\/avatar_stock.jpg","width":80,"height":80,"caption":"Luca"},"logo":{"@id":"https:\/\/lucanacozinha.com.br\/wp-content\/uploads\/2022\/08\/avatar_stock.jpg"},"sameAs":["https:\/\/www.facebook.com\/lucanacozinha","https:\/\/www.instagram.com\/lucanacozinha","https:\/\/www.pinterest.com\/lucanacozinha","https:\/\/youtube.com\/lucanacozinha\/"]}]}},"amp_enabled":false,"_links":{"self":[{"href":"https:\/\/lucanacozinha.com.br\/index.php\/wp-json\/wp\/v2\/pages\/498","targetHints":{"allow":["GET"]}}],"collection":[{"href":"https:\/\/lucanacozinha.com.br\/index.php\/wp-json\/wp\/v2\/pages"}],"about":[{"href":"https:\/\/lucanacozinha.com.br\/index.php\/wp-json\/wp\/v2\/types\/page"}],"author":[{"embeddable":true,"href":"https:\/\/lucanacozinha.com.br\/index.php\/wp-json\/wp\/v2\/users\/1"}],"replies":[{"embeddable":true,"href":"https:\/\/lucanacozinha.com.br\/index.php\/wp-json\/wp\/v2\/comments?post=498"}],"version-history":[{"count":4,"href":"https:\/\/lucanacozinha.com.br\/index.php\/wp-json\/wp\/v2\/pages\/498\/revisions"}],"predecessor-version":[{"id":4753,"href":"https:\/\/lucanacozinha.com.br\/index.php\/wp-json\/wp\/v2\/pages\/498\/revisions\/4753"}],"wp:attachment":[{"href":"https:\/\/lucanacozinha.com.br\/index.php\/wp-json\/wp\/v2\/media?parent=498"}],"curies":[{"name":"wp","href":"https:\/\/api.w.org\/{rel}","templated":true}]}}