{"id":487,"date":"2016-10-02T11:28:38","date_gmt":"2016-10-02T11:28:38","guid":{"rendered":"http:\/\/lucanacozinha.com.br\/?page_id=487"},"modified":"2018-04-24T21:48:58","modified_gmt":"2018-04-25T00:48:58","slug":"about","status":"publish","type":"page","link":"https:\/\/lucanacozinha.com.br\/index.php\/about\/","title":{"rendered":"A Luca"},"content":{"rendered":"<p><img loading=\"lazy\" decoding=\"async\" class=\"alignnone size-full wp-image-2989\" src=\"http:\/\/lucanacozinha.com.br\/wp-content\/uploads\/2018\/04\/2018.04.11-Fotos-Perfil-Profissional-Luca-44.jpg\" alt=\"\" width=\"6016\" height=\"4016\" srcset=\"https:\/\/lucanacozinha.com.br\/wp-content\/uploads\/2018\/04\/2018.04.11-Fotos-Perfil-Profissional-Luca-44.jpg 6016w, https:\/\/lucanacozinha.com.br\/wp-content\/uploads\/2018\/04\/2018.04.11-Fotos-Perfil-Profissional-Luca-44-300x200.jpg 300w, https:\/\/lucanacozinha.com.br\/wp-content\/uploads\/2018\/04\/2018.04.11-Fotos-Perfil-Profissional-Luca-44-768x513.jpg 768w, https:\/\/lucanacozinha.com.br\/wp-content\/uploads\/2018\/04\/2018.04.11-Fotos-Perfil-Profissional-Luca-44-1024x684.jpg 1024w\" sizes=\"auto, (max-width: 6016px) 100vw, 6016px\" \/>Oi, psiu, voc\u00ea a\u00ed!<\/p>\n<div class=\"anyipsum-output\">\n<p>Se esbarrou com esse site, seja bem-vindo! Sente-se, beba um caf\u00e9 ou vinho, fique \u00e0 vontade! Falando sem parar, sou eu, Luciana, mente fervilhante por tr\u00e1s desse site. Mas j\u00e1 que estamos na minha cozinha, pode me chamar de Luca.<\/p>\n<p><img loading=\"lazy\" decoding=\"async\" class=\"wp-image-913 alignright\" src=\"http:\/\/lucanacozinha.com.br\/wp-content\/uploads\/2016\/10\/photo.jpg\" alt=\"luca e cozinhar\" width=\"407\" height=\"407\" srcset=\"https:\/\/lucanacozinha.com.br\/wp-content\/uploads\/2016\/10\/photo.jpg 1024w, https:\/\/lucanacozinha.com.br\/wp-content\/uploads\/2016\/10\/photo-150x150.jpg 150w, https:\/\/lucanacozinha.com.br\/wp-content\/uploads\/2016\/10\/photo-300x300.jpg 300w, https:\/\/lucanacozinha.com.br\/wp-content\/uploads\/2016\/10\/photo-768x768.jpg 768w\" sizes=\"auto, (max-width: 407px) 100vw, 407px\" \/><\/p>\n<p style=\"text-align: justify;\">Afinal \u00e9 daqui que surgem as ideias que voc\u00ea andou\u00a0vendo por a\u00ed&#8230;<\/p>\n<p style=\"text-align: justify;\">Carioca da gema com sotaque rasgado, de temperamento forte, inquieto e perfeccionista no bom e no mau sentido, &#8220;pau pra toda obra&#8221;, amiga fiel como c\u00e3o, e super entusiasta do DIY, ou &#8220;Fa\u00e7a voc\u00ea mesmo&#8221;. Comecei a me aventurar em meio \u00e0s panelas quando crian\u00e7a brincando de comidinha na casa da v\u00f3. Ali\u00e1s, a fam\u00edlia \u00e9 o que me trouxe aqui: Lembro da v\u00f3 Z\u00e9 ralando o coco \u00e0 moda antiga e aquela neve branquinha, caindo aos seus p\u00e9s em um tabuleiro estrat\u00e9gicamente posicionado. At\u00e9 hoje, no auge dos seu 90 e alguns anos, a melhor pizza caseira \u00e9 a dela.<\/p>\n<p>Mas a fam\u00edlia \u00e9 agraciada com diversos bons cozinheiros, ou ao menos bem intencionados como o v\u00f4 Jo\u00e3o, que para mim, fazia a melhor carne assada do mundo. Ou o caf\u00e9 da v\u00f3 Neide que quando passa, o cheiro vai \u00e0 varanda. Ou as travessas de lasanha que meu tio Paulo, amado, fez na minha Primeira comunh\u00e3o. Nossa, como esse cozinhava!<\/p>\n<p>Quando pensei no que seria esse site, pessoas iluminadas me ajudaram a definir em uma frase: Dar afeto com comida! Isso foi o que minha fam\u00edlia fez, e que minha m\u00e3e principalmente, faz at\u00e9 hoje com os almo\u00e7os de domingo, festas de anivers\u00e1rio, com os pudins de leite para o Fa ou quando quer acarinhar. O que pretendo dar continuidade at\u00e9 bem gag\u00e1.<\/p>\n<p>Aqui vai ter de tudo um pouco, pratos descomplicados para o dia a dia, receitas pr\u00e1ticas para receber amigos ou na sexta quando quiser ficar na frente da tv. Sopinhas quentes para dar conforto ou lembrar de coisas boas.<\/p>\n<p>Al\u00e9m das receitas, volta e meia vou dar uma dica de divers\u00e3o girando em torno dos comensais, seja uma s\u00e9rie, filme, eventos ou novas descobertas de\u00a0 restaurantes e beliscos.<\/p>\n<p><img loading=\"lazy\" decoding=\"async\" class=\"alignnone size-full wp-image-3013\" src=\"http:\/\/lucanacozinha.com.br\/wp-content\/uploads\/2018\/04\/2018.04.11-Fotos-Perfil-Profissional-Luca-28-1.jpg\" alt=\"\" width=\"1170\" height=\"1310\" srcset=\"https:\/\/lucanacozinha.com.br\/wp-content\/uploads\/2018\/04\/2018.04.11-Fotos-Perfil-Profissional-Luca-28-1.jpg 1170w, https:\/\/lucanacozinha.com.br\/wp-content\/uploads\/2018\/04\/2018.04.11-Fotos-Perfil-Profissional-Luca-28-1-268x300.jpg 268w, https:\/\/lucanacozinha.com.br\/wp-content\/uploads\/2018\/04\/2018.04.11-Fotos-Perfil-Profissional-Luca-28-1-768x860.jpg 768w, https:\/\/lucanacozinha.com.br\/wp-content\/uploads\/2018\/04\/2018.04.11-Fotos-Perfil-Profissional-Luca-28-1-915x1024.jpg 915w\" sizes=\"auto, (max-width: 1170px) 100vw, 1170px\" \/><\/p>\n<p>E a parte mais divertida, pelo menos ainda na minha cabe\u00e7a, ser\u00e1 a participa\u00e7\u00e3o dos amigos aqui em casa e falando sobre o que mesmo? Ah, lembrei! Comida!!!<\/p>\n<p>N\u00e3o est\u00e1 contente ainda? N\u00e3o contei tudo? Vou te contar mais umas 10 coisas a meu respeito:<\/p>\n<p>1) Acredito em amor \u00e0 primeira vista, ou melhor, no meu caso, primeiro grito!<\/p>\n<p><img loading=\"lazy\" decoding=\"async\" class=\"alignnone size-full wp-image-2995\" src=\"http:\/\/lucanacozinha.com.br\/wp-content\/uploads\/2018\/04\/2018.04.11-Fotos-Perfil-Profissional-Luca-50.jpg\" alt=\"\" width=\"5944\" height=\"3968\" srcset=\"https:\/\/lucanacozinha.com.br\/wp-content\/uploads\/2018\/04\/2018.04.11-Fotos-Perfil-Profissional-Luca-50.jpg 5944w, https:\/\/lucanacozinha.com.br\/wp-content\/uploads\/2018\/04\/2018.04.11-Fotos-Perfil-Profissional-Luca-50-300x200.jpg 300w, https:\/\/lucanacozinha.com.br\/wp-content\/uploads\/2018\/04\/2018.04.11-Fotos-Perfil-Profissional-Luca-50-768x513.jpg 768w, https:\/\/lucanacozinha.com.br\/wp-content\/uploads\/2018\/04\/2018.04.11-Fotos-Perfil-Profissional-Luca-50-1024x684.jpg 1024w\" sizes=\"auto, (max-width: 5944px) 100vw, 5944px\" \/>2) Amo livros, quase tanto quanto comida.<br \/>\nAos 14 j\u00e1 tinha lido os 80 e poucos livros da Agatha Christie<br \/>\ne meu marido diz que sempre tenho um livro<br \/>\n(\u00e0s vezes mais de um) na mesinha ao lado da cama.<br \/>\nE por conta dessa paix\u00e3o tenho essa cole\u00e7\u00e3ozinha de livros de culin\u00e1ria que j\u00e1 se estendeu para todo o resto da casa<\/p>\n<\/div>\n<p>3) Amo s\u00e9ries e cheguei a fazer um calend\u00e1rio semanal de quando passavam as 11 s\u00e9ries que estava assistindo simultaneamente. Hoje s\u00f3 s\u00e3o 4 e a mais amada de todas continua sendo &#8220;Friends&#8221; que sempre que chove e estou de bobeira, gosto de ficar em casa vendo reprises.<\/p>\n<p><img loading=\"lazy\" decoding=\"async\" class=\"alignnone size-full wp-image-2993\" src=\"http:\/\/lucanacozinha.com.br\/wp-content\/uploads\/2018\/04\/2018.04.11-Fotos-Perfil-Profissional-Luca-48.jpg\" alt=\"\" width=\"5794\" height=\"3868\" srcset=\"https:\/\/lucanacozinha.com.br\/wp-content\/uploads\/2018\/04\/2018.04.11-Fotos-Perfil-Profissional-Luca-48.jpg 5794w, https:\/\/lucanacozinha.com.br\/wp-content\/uploads\/2018\/04\/2018.04.11-Fotos-Perfil-Profissional-Luca-48-300x200.jpg 300w, https:\/\/lucanacozinha.com.br\/wp-content\/uploads\/2018\/04\/2018.04.11-Fotos-Perfil-Profissional-Luca-48-768x513.jpg 768w, https:\/\/lucanacozinha.com.br\/wp-content\/uploads\/2018\/04\/2018.04.11-Fotos-Perfil-Profissional-Luca-48-1024x684.jpg 1024w\" sizes=\"auto, (max-width: 5794px) 100vw, 5794px\" \/><\/p>\n<div class=\"anyipsum-output\">\n<h3><em>Sim, a Phoebe, minha companheira \u00e9 por causa da melhor personagem do mundo e de Friends.<\/em><\/h3>\n<p style=\"text-align: justify;\">Os 5 melhores epis\u00f3dios para mim s\u00e3o:<\/p>\n<ul>\n<li style=\"text-align: justify;\">Flashback da noite de formatura quando aparece a Monica gordinha e Ross de permanente pela primeira vez.<\/li>\n<li style=\"text-align: justify;\">A\u00e7\u00e3o de gra\u00e7as em que a Rachel faz o pav\u00ea com bife e ervilhas porque as receitas estavam coladas.<\/li>\n<li style=\"text-align: justify;\">O epis\u00f3dio em que o Ross resolve usar uma cal\u00e7a de couro<\/li>\n<li style=\"text-align: justify;\">O espis\u00f3dio que todo mundo descobre que a Monica e o Chandler est\u00e3o se pegando e a Phoebe finge que est\u00e1 interessada nele.<\/li>\n<li style=\"text-align: justify;\">O epis\u00f3dio em que o Ross descobre que\u00a0 a Rachel est\u00e1 in love&#8230;<\/li>\n<\/ul>\n<p>4) Como voc\u00ea j\u00e1 pode ter notado, eu amo uma lista. Tem sempre alguma no celular, em superf\u00edcies pela casa, peda\u00e7o de papel de p\u00e3o e no fundo da bolsa.<\/p>\n<p>5) Falo dormindo, minha irm\u00e3 disse que, \u00e0s vezes, at\u00e9 em outras l\u00ednguas&#8230;<\/p>\n<p>6) Amo pedalar, pena que n\u00e3o t\u00e3o recorrente quanto gostaria!<\/p>\n<p>7) O ranking das 5 melhores comidas do mundo s\u00e3o:<\/p>\n<ul>\n<li style=\"padding-left: 30px;\">batata<\/li>\n<li style=\"padding-left: 30px;\">queijo<\/li>\n<li style=\"padding-left: 30px;\">bacon<\/li>\n<li style=\"padding-left: 30px;\">p\u00e3o<\/li>\n<li style=\"padding-left: 30px;\">chocolate<\/li>\n<\/ul>\n<p>8) Odeio ser acordada! O despertador toca pelo menos duas vezes antes que eu me lembre qual \u00e9 o meu nome!<\/p>\n<p><img loading=\"lazy\" decoding=\"async\" class=\"wp-image-528 alignleft\" src=\"http:\/\/lucanacozinha.com.br\/wp-content\/uploads\/2016\/10\/IMG_0823.jpg\" alt=\"img_0823\" width=\"196\" height=\"196\" srcset=\"https:\/\/lucanacozinha.com.br\/wp-content\/uploads\/2016\/10\/IMG_0823.jpg 612w, https:\/\/lucanacozinha.com.br\/wp-content\/uploads\/2016\/10\/IMG_0823-150x150.jpg 150w, https:\/\/lucanacozinha.com.br\/wp-content\/uploads\/2016\/10\/IMG_0823-300x300.jpg 300w\" sizes=\"auto, (max-width: 196px) 100vw, 196px\" \/>9) Amo viajar apesar de n\u00e3o ter sa\u00eddo muito por a\u00ed.<br \/>\nE mesmo viajando para\u00a0lugares que considero paradis\u00edacos,<br \/>\nprefiro roteiros cosmopolitas. NY rules!<\/p>\n<p>&nbsp;<\/p>\n<p>&nbsp;<\/p>\n<p>&nbsp;<\/p>\n<p>&nbsp;<\/p>\n<p><img loading=\"lazy\" decoding=\"async\" class=\"alignnone wp-image-3008\" src=\"http:\/\/lucanacozinha.com.br\/wp-content\/uploads\/2018\/04\/2018.04.11-Fotos-Perfil-Profissional-Luca-33.jpg\" alt=\"\" width=\"552\" height=\"827\" srcset=\"https:\/\/lucanacozinha.com.br\/wp-content\/uploads\/2018\/04\/2018.04.11-Fotos-Perfil-Profissional-Luca-33.jpg 3849w, https:\/\/lucanacozinha.com.br\/wp-content\/uploads\/2018\/04\/2018.04.11-Fotos-Perfil-Profissional-Luca-33-200x300.jpg 200w, https:\/\/lucanacozinha.com.br\/wp-content\/uploads\/2018\/04\/2018.04.11-Fotos-Perfil-Profissional-Luca-33-768x1151.jpg 768w, https:\/\/lucanacozinha.com.br\/wp-content\/uploads\/2018\/04\/2018.04.11-Fotos-Perfil-Profissional-Luca-33-684x1024.jpg 684w\" sizes=\"auto, (max-width: 552px) 100vw, 552px\" \/>\u00a0<img loading=\"lazy\" decoding=\"async\" class=\"wp-image-845 alignright\" src=\"http:\/\/lucanacozinha.com.br\/wp-content\/uploads\/2016\/10\/luca-final_reduzido.jpg\" alt=\"luca-final_reduzido\" width=\"177\" height=\"177\" srcset=\"https:\/\/lucanacozinha.com.br\/wp-content\/uploads\/2016\/10\/luca-final_reduzido.jpg 472w, https:\/\/lucanacozinha.com.br\/wp-content\/uploads\/2016\/10\/luca-final_reduzido-150x150.jpg 150w, https:\/\/lucanacozinha.com.br\/wp-content\/uploads\/2016\/10\/luca-final_reduzido-300x300.jpg 300w\" sizes=\"auto, (max-width: 177px) 100vw, 177px\" \/><\/p>\n<p>10)Amo listras.<\/p>\n<p style=\"text-align: right;\">A Milla acertou na marca quando me desenhou com elas!<\/p>\n<p style=\"text-align: right;\">Essa sou eu! E o site todinho seu!<\/p>\n<\/div>\n","protected":false},"excerpt":{"rendered":"<p>Oi, psiu, voc\u00ea a\u00ed! Se esbarrou com esse site, seja bem-vindo! Sente-se, beba um caf\u00e9 ou vinho, fique \u00e0 vontade! Falando sem parar, sou eu, Luciana, mente fervilhante por tr\u00e1s desse site. Mas j\u00e1 que estamos na minha cozinha, pode me chamar de Luca. Afinal \u00e9 daqui que surgem as ideias que voc\u00ea andou\u00a0vendo por&#8230;<\/p>\n<p><a class=\"more-link\" href=\"https:\/\/lucanacozinha.com.br\/index.php\/about\/\">Read More<\/a><\/p>","protected":false},"author":1,"featured_media":0,"parent":0,"menu_order":0,"comment_status":"closed","ping_status":"closed","template":"","meta":{"om_disable_all_campaigns":false,"wprm-recipe-roundup-name":"","wprm-recipe-roundup-description":"","_monsterinsights_skip_tracking":false,"_monsterinsights_sitenote_active":false,"_monsterinsights_sitenote_note":"","_monsterinsights_sitenote_category":0,"_genesis_hide_title":false,"_genesis_hide_breadcrumbs":false,"_genesis_hide_singular_image":false,"_genesis_hide_footer_widgets":false,"_genesis_custom_body_class":"","_genesis_custom_post_class":"","_genesis_layout":"","footnotes":""},"class_list":{"0":"post-487","1":"page","2":"type-page","3":"status-publish","5":"entry","6":"has-post-thumbnail"},"aioseo_notices":[],"yoast_head":"<!-- This site is optimized with the Yoast SEO plugin v27.2 - https:\/\/yoast.com\/product\/yoast-seo-wordpress\/ -->\n<title>A Luca - LUCA NA COZINHA<\/title>\n<meta name=\"robots\" content=\"index, follow, max-snippet:-1, max-image-preview:large, max-video-preview:-1\" \/>\n<link rel=\"canonical\" href=\"https:\/\/lucanacozinha.com.br\/index.php\/about\/\" \/>\n<meta property=\"og:locale\" content=\"pt_BR\" \/>\n<meta property=\"og:type\" content=\"article\" \/>\n<meta property=\"og:title\" content=\"A Luca - LUCA NA COZINHA\" \/>\n<meta property=\"og:description\" content=\"Oi, psiu, voc\u00ea a\u00ed! Se esbarrou com esse site, seja bem-vindo! Sente-se, beba um caf\u00e9 ou vinho, fique \u00e0 vontade! Falando sem parar, sou eu, Luciana, mente fervilhante por tr\u00e1s desse site. Mas j\u00e1 que estamos na minha cozinha, pode me chamar de Luca. Afinal \u00e9 daqui que surgem as ideias que voc\u00ea andou\u00a0vendo por...\" \/>\n<meta property=\"og:url\" content=\"https:\/\/lucanacozinha.com.br\/index.php\/about\/\" \/>\n<meta property=\"og:site_name\" content=\"LUCA NA COZINHA\" \/>\n<meta property=\"article:publisher\" content=\"https:\/\/www.facebook.com\/lucanacozinha\" \/>\n<meta property=\"article:modified_time\" content=\"2018-04-25T00:48:58+00:00\" \/>\n<meta property=\"og:image\" content=\"http:\/\/lucanacozinha.com.br\/wp-content\/uploads\/2018\/04\/2018.04.11-Fotos-Perfil-Profissional-Luca-44.jpg\" \/>\n<meta name=\"twitter:card\" content=\"summary_large_image\" \/>\n<meta name=\"twitter:label1\" content=\"Est. tempo de leitura\" \/>\n\t<meta name=\"twitter:data1\" content=\"4 minutos\" \/>\n<script type=\"application\/ld+json\" class=\"yoast-schema-graph\">{\"@context\":\"https:\/\/schema.org\",\"@graph\":[{\"@type\":\"WebPage\",\"@id\":\"https:\/\/lucanacozinha.com.br\/index.php\/about\/\",\"url\":\"https:\/\/lucanacozinha.com.br\/index.php\/about\/\",\"name\":\"A Luca - LUCA NA COZINHA\",\"isPartOf\":{\"@id\":\"https:\/\/lucanacozinha.com.br\/#website\"},\"primaryImageOfPage\":{\"@id\":\"https:\/\/lucanacozinha.com.br\/index.php\/about\/#primaryimage\"},\"image\":{\"@id\":\"https:\/\/lucanacozinha.com.br\/index.php\/about\/#primaryimage\"},\"thumbnailUrl\":\"http:\/\/lucanacozinha.com.br\/wp-content\/uploads\/2018\/04\/2018.04.11-Fotos-Perfil-Profissional-Luca-44.jpg\",\"datePublished\":\"2016-10-02T11:28:38+00:00\",\"dateModified\":\"2018-04-25T00:48:58+00:00\",\"breadcrumb\":{\"@id\":\"https:\/\/lucanacozinha.com.br\/index.php\/about\/#breadcrumb\"},\"inLanguage\":\"pt-BR\",\"potentialAction\":[{\"@type\":\"ReadAction\",\"target\":[\"https:\/\/lucanacozinha.com.br\/index.php\/about\/\"]}]},{\"@type\":\"ImageObject\",\"inLanguage\":\"pt-BR\",\"@id\":\"https:\/\/lucanacozinha.com.br\/index.php\/about\/#primaryimage\",\"url\":\"http:\/\/lucanacozinha.com.br\/wp-content\/uploads\/2018\/04\/2018.04.11-Fotos-Perfil-Profissional-Luca-44.jpg\",\"contentUrl\":\"http:\/\/lucanacozinha.com.br\/wp-content\/uploads\/2018\/04\/2018.04.11-Fotos-Perfil-Profissional-Luca-44.jpg\"},{\"@type\":\"BreadcrumbList\",\"@id\":\"https:\/\/lucanacozinha.com.br\/index.php\/about\/#breadcrumb\",\"itemListElement\":[{\"@type\":\"ListItem\",\"position\":1,\"name\":\"In\u00edcio\",\"item\":\"https:\/\/lucanacozinha.com.br\/\"},{\"@type\":\"ListItem\",\"position\":2,\"name\":\"A Luca\"}]},{\"@type\":\"WebSite\",\"@id\":\"https:\/\/lucanacozinha.com.br\/#website\",\"url\":\"https:\/\/lucanacozinha.com.br\/\",\"name\":\"LUCA NA COZINHA\",\"description\":\"Aqui sempre tem algu\u00e9m respirando ideias culin\u00e1rias =)\",\"publisher\":{\"@id\":\"https:\/\/lucanacozinha.com.br\/#\/schema\/person\/ccbda556f06303260edd9fa8bad76973\"},\"potentialAction\":[{\"@type\":\"SearchAction\",\"target\":{\"@type\":\"EntryPoint\",\"urlTemplate\":\"https:\/\/lucanacozinha.com.br\/?s={search_term_string}\"},\"query-input\":{\"@type\":\"PropertyValueSpecification\",\"valueRequired\":true,\"valueName\":\"search_term_string\"}}],\"inLanguage\":\"pt-BR\"},{\"@type\":[\"Person\",\"Organization\"],\"@id\":\"https:\/\/lucanacozinha.com.br\/#\/schema\/person\/ccbda556f06303260edd9fa8bad76973\",\"name\":\"Luca\",\"image\":{\"@type\":\"ImageObject\",\"inLanguage\":\"pt-BR\",\"@id\":\"https:\/\/lucanacozinha.com.br\/wp-content\/uploads\/2022\/08\/avatar_stock.jpg\",\"url\":\"https:\/\/lucanacozinha.com.br\/wp-content\/uploads\/2022\/08\/avatar_stock.jpg\",\"contentUrl\":\"https:\/\/lucanacozinha.com.br\/wp-content\/uploads\/2022\/08\/avatar_stock.jpg\",\"width\":80,\"height\":80,\"caption\":\"Luca\"},\"logo\":{\"@id\":\"https:\/\/lucanacozinha.com.br\/wp-content\/uploads\/2022\/08\/avatar_stock.jpg\"},\"sameAs\":[\"https:\/\/www.facebook.com\/lucanacozinha\",\"https:\/\/www.instagram.com\/lucanacozinha\",\"https:\/\/www.pinterest.com\/lucanacozinha\",\"https:\/\/youtube.com\/lucanacozinha\/\"]}]}<\/script>\n<!-- \/ Yoast SEO plugin. -->","yoast_head_json":{"title":"A Luca - LUCA NA COZINHA","robots":{"index":"index","follow":"follow","max-snippet":"max-snippet:-1","max-image-preview":"max-image-preview:large","max-video-preview":"max-video-preview:-1"},"canonical":"https:\/\/lucanacozinha.com.br\/index.php\/about\/","og_locale":"pt_BR","og_type":"article","og_title":"A Luca - LUCA NA COZINHA","og_description":"Oi, psiu, voc\u00ea a\u00ed! Se esbarrou com esse site, seja bem-vindo! Sente-se, beba um caf\u00e9 ou vinho, fique \u00e0 vontade! Falando sem parar, sou eu, Luciana, mente fervilhante por tr\u00e1s desse site. Mas j\u00e1 que estamos na minha cozinha, pode me chamar de Luca. Afinal \u00e9 daqui que surgem as ideias que voc\u00ea andou\u00a0vendo por...","og_url":"https:\/\/lucanacozinha.com.br\/index.php\/about\/","og_site_name":"LUCA NA COZINHA","article_publisher":"https:\/\/www.facebook.com\/lucanacozinha","article_modified_time":"2018-04-25T00:48:58+00:00","og_image":[{"url":"http:\/\/lucanacozinha.com.br\/wp-content\/uploads\/2018\/04\/2018.04.11-Fotos-Perfil-Profissional-Luca-44.jpg","type":"","width":"","height":""}],"twitter_card":"summary_large_image","twitter_misc":{"Est. tempo de leitura":"4 minutos"},"schema":{"@context":"https:\/\/schema.org","@graph":[{"@type":"WebPage","@id":"https:\/\/lucanacozinha.com.br\/index.php\/about\/","url":"https:\/\/lucanacozinha.com.br\/index.php\/about\/","name":"A Luca - LUCA NA COZINHA","isPartOf":{"@id":"https:\/\/lucanacozinha.com.br\/#website"},"primaryImageOfPage":{"@id":"https:\/\/lucanacozinha.com.br\/index.php\/about\/#primaryimage"},"image":{"@id":"https:\/\/lucanacozinha.com.br\/index.php\/about\/#primaryimage"},"thumbnailUrl":"http:\/\/lucanacozinha.com.br\/wp-content\/uploads\/2018\/04\/2018.04.11-Fotos-Perfil-Profissional-Luca-44.jpg","datePublished":"2016-10-02T11:28:38+00:00","dateModified":"2018-04-25T00:48:58+00:00","breadcrumb":{"@id":"https:\/\/lucanacozinha.com.br\/index.php\/about\/#breadcrumb"},"inLanguage":"pt-BR","potentialAction":[{"@type":"ReadAction","target":["https:\/\/lucanacozinha.com.br\/index.php\/about\/"]}]},{"@type":"ImageObject","inLanguage":"pt-BR","@id":"https:\/\/lucanacozinha.com.br\/index.php\/about\/#primaryimage","url":"http:\/\/lucanacozinha.com.br\/wp-content\/uploads\/2018\/04\/2018.04.11-Fotos-Perfil-Profissional-Luca-44.jpg","contentUrl":"http:\/\/lucanacozinha.com.br\/wp-content\/uploads\/2018\/04\/2018.04.11-Fotos-Perfil-Profissional-Luca-44.jpg"},{"@type":"BreadcrumbList","@id":"https:\/\/lucanacozinha.com.br\/index.php\/about\/#breadcrumb","itemListElement":[{"@type":"ListItem","position":1,"name":"In\u00edcio","item":"https:\/\/lucanacozinha.com.br\/"},{"@type":"ListItem","position":2,"name":"A Luca"}]},{"@type":"WebSite","@id":"https:\/\/lucanacozinha.com.br\/#website","url":"https:\/\/lucanacozinha.com.br\/","name":"LUCA NA COZINHA","description":"Aqui sempre tem algu\u00e9m respirando ideias culin\u00e1rias =)","publisher":{"@id":"https:\/\/lucanacozinha.com.br\/#\/schema\/person\/ccbda556f06303260edd9fa8bad76973"},"potentialAction":[{"@type":"SearchAction","target":{"@type":"EntryPoint","urlTemplate":"https:\/\/lucanacozinha.com.br\/?s={search_term_string}"},"query-input":{"@type":"PropertyValueSpecification","valueRequired":true,"valueName":"search_term_string"}}],"inLanguage":"pt-BR"},{"@type":["Person","Organization"],"@id":"https:\/\/lucanacozinha.com.br\/#\/schema\/person\/ccbda556f06303260edd9fa8bad76973","name":"Luca","image":{"@type":"ImageObject","inLanguage":"pt-BR","@id":"https:\/\/lucanacozinha.com.br\/wp-content\/uploads\/2022\/08\/avatar_stock.jpg","url":"https:\/\/lucanacozinha.com.br\/wp-content\/uploads\/2022\/08\/avatar_stock.jpg","contentUrl":"https:\/\/lucanacozinha.com.br\/wp-content\/uploads\/2022\/08\/avatar_stock.jpg","width":80,"height":80,"caption":"Luca"},"logo":{"@id":"https:\/\/lucanacozinha.com.br\/wp-content\/uploads\/2022\/08\/avatar_stock.jpg"},"sameAs":["https:\/\/www.facebook.com\/lucanacozinha","https:\/\/www.instagram.com\/lucanacozinha","https:\/\/www.pinterest.com\/lucanacozinha","https:\/\/youtube.com\/lucanacozinha\/"]}]}},"amp_enabled":true,"_links":{"self":[{"href":"https:\/\/lucanacozinha.com.br\/index.php\/wp-json\/wp\/v2\/pages\/487","targetHints":{"allow":["GET"]}}],"collection":[{"href":"https:\/\/lucanacozinha.com.br\/index.php\/wp-json\/wp\/v2\/pages"}],"about":[{"href":"https:\/\/lucanacozinha.com.br\/index.php\/wp-json\/wp\/v2\/types\/page"}],"author":[{"embeddable":true,"href":"https:\/\/lucanacozinha.com.br\/index.php\/wp-json\/wp\/v2\/users\/1"}],"replies":[{"embeddable":true,"href":"https:\/\/lucanacozinha.com.br\/index.php\/wp-json\/wp\/v2\/comments?post=487"}],"version-history":[{"count":20,"href":"https:\/\/lucanacozinha.com.br\/index.php\/wp-json\/wp\/v2\/pages\/487\/revisions"}],"predecessor-version":[{"id":3014,"href":"https:\/\/lucanacozinha.com.br\/index.php\/wp-json\/wp\/v2\/pages\/487\/revisions\/3014"}],"wp:attachment":[{"href":"https:\/\/lucanacozinha.com.br\/index.php\/wp-json\/wp\/v2\/media?parent=487"}],"curies":[{"name":"wp","href":"https:\/\/api.w.org\/{rel}","templated":true}]}}