{"id":3131,"date":"2018-05-29T22:39:14","date_gmt":"2018-05-30T01:39:14","guid":{"rendered":"http:\/\/lucanacozinha.com.br\/?page_id=3131"},"modified":"2022-03-15T14:59:52","modified_gmt":"2022-03-15T17:59:52","slug":"contato","status":"publish","type":"page","link":"https:\/\/lucanacozinha.com.br\/index.php\/contato\/","title":{"rendered":"Contato"},"content":{"rendered":"<p><img loading=\"lazy\" decoding=\"async\" class=\"alignnone wp-image-3135 size-full\" src=\"http:\/\/lucanacozinha.com.br\/wp-content\/uploads\/2018\/05\/500-0023.jpg\" alt=\"contato 2\" width=\"5184\" height=\"2539\" srcset=\"https:\/\/lucanacozinha.com.br\/wp-content\/uploads\/2018\/05\/500-0023.jpg 5184w, https:\/\/lucanacozinha.com.br\/wp-content\/uploads\/2018\/05\/500-0023-300x147.jpg 300w, https:\/\/lucanacozinha.com.br\/wp-content\/uploads\/2018\/05\/500-0023-768x376.jpg 768w, https:\/\/lucanacozinha.com.br\/wp-content\/uploads\/2018\/05\/500-0023-1024x502.jpg 1024w\" sizes=\"auto, (max-width: 5184px) 100vw, 5184px\" \/>Voc\u00ea tem um projeto culin\u00e1rio do qual voc\u00ea acha que eu poderia te ajudar ? Legal! &#8211; Estou animada para falar com voc\u00ea!<\/p>\n<p>Para qualquer projeto, colabora\u00e7\u00e3o, patroc\u00ednio, parceria e consultas gerais, envie um e-mail para <a href=\"mailto:lucanacozinha@gmail.com\">lucanacozinha@gmail.com<\/a>\u00a0 para entrar em contato ou atrav\u00e9s do form abaixo! \ud83d\ude09<\/p>\n\n<div class=\"wpcf7 no-js\" id=\"wpcf7-f9596-o1\" lang=\"pt-BR\" dir=\"ltr\" data-wpcf7-id=\"9596\">\n<div class=\"screen-reader-response\"><p role=\"status\" aria-live=\"polite\" aria-atomic=\"true\"><\/p> <ul><\/ul><\/div>\n<form action=\"\/index.php\/wp-json\/wp\/v2\/pages\/3131#wpcf7-f9596-o1\" method=\"post\" class=\"wpcf7-form init\" aria-label=\"Formul\u00e1rios de contato\" novalidate=\"novalidate\" data-status=\"init\">\n<div style=\"display: none;\">\n<input type=\"hidden\" name=\"_wpcf7\" value=\"9596\" \/>\n<input type=\"hidden\" name=\"_wpcf7_version\" value=\"6.0.6\" \/>\n<input type=\"hidden\" name=\"_wpcf7_locale\" value=\"pt_BR\" \/>\n<input type=\"hidden\" name=\"_wpcf7_unit_tag\" value=\"wpcf7-f9596-o1\" \/>\n<input type=\"hidden\" name=\"_wpcf7_container_post\" value=\"0\" \/>\n<input type=\"hidden\" name=\"_wpcf7_posted_data_hash\" value=\"\" \/>\n<\/div>\n<p><label> Seu nome<br \/>\n<span class=\"wpcf7-form-control-wrap\" data-name=\"your-name\"><input size=\"40\" maxlength=\"400\" class=\"wpcf7-form-control wpcf7-text wpcf7-validates-as-required\" aria-required=\"true\" aria-invalid=\"false\" value=\"\" type=\"text\" name=\"your-name\" \/><\/span> <\/label>\n<\/p>\n<p><label> Seu e-mail<br \/>\n<span class=\"wpcf7-form-control-wrap\" data-name=\"your-email\"><input size=\"40\" maxlength=\"400\" class=\"wpcf7-form-control wpcf7-email wpcf7-validates-as-required wpcf7-text wpcf7-validates-as-email\" aria-required=\"true\" aria-invalid=\"false\" value=\"\" type=\"email\" name=\"your-email\" \/><\/span> <\/label>\n<\/p>\n<p><label> Assunto<br \/>\n<span class=\"wpcf7-form-control-wrap\" data-name=\"your-subject\"><input size=\"40\" maxlength=\"400\" class=\"wpcf7-form-control wpcf7-text wpcf7-validates-as-required\" aria-required=\"true\" aria-invalid=\"false\" value=\"\" type=\"text\" name=\"your-subject\" \/><\/span> <\/label>\n<\/p>\n<p><label> Quer bater um papo? Conta pra mim no que eu posso te ajudar! (opcional)<br \/>\n<span class=\"wpcf7-form-control-wrap\" data-name=\"your-message\"><textarea cols=\"40\" rows=\"10\" maxlength=\"2000\" class=\"wpcf7-form-control wpcf7-textarea\" aria-invalid=\"false\" name=\"your-message\"><\/textarea><\/span> <\/label>\n<\/p>\n<p><input class=\"wpcf7-form-control wpcf7-submit has-spinner\" type=\"submit\" value=\"Enviar\" \/>\n<\/p><p style=\"display: none !important;\" class=\"akismet-fields-container\" data-prefix=\"_wpcf7_ak_\"><label>&#916;<textarea name=\"_wpcf7_ak_hp_textarea\" cols=\"45\" rows=\"8\" maxlength=\"100\"><\/textarea><\/label><input type=\"hidden\" id=\"ak_js_1\" name=\"_wpcf7_ak_js\" value=\"172\"\/><script>document.getElementById( \"ak_js_1\" ).setAttribute( \"value\", ( new Date() ).getTime() );<\/script><\/p><div class=\"wpcf7-response-output\" aria-hidden=\"true\"><\/div>\n<\/form>\n<\/div>\n\n<p>&nbsp;<\/p>\n","protected":false},"excerpt":{"rendered":"<p>Voc\u00ea tem um projeto culin\u00e1rio do qual voc\u00ea acha que eu poderia te ajudar ? Legal! &#8211; Estou animada para falar com voc\u00ea! Para qualquer projeto, colabora\u00e7\u00e3o, patroc\u00ednio, parceria e consultas gerais, envie um e-mail para lucanacozinha@gmail.com\u00a0 para entrar em contato ou atrav\u00e9s do form abaixo! \ud83d\ude09 &nbsp;<\/p>\n<p><a class=\"more-link\" href=\"https:\/\/lucanacozinha.com.br\/index.php\/contato\/\">Read More<\/a><\/p>","protected":false},"author":1,"featured_media":2989,"parent":0,"menu_order":0,"comment_status":"closed","ping_status":"closed","template":"","meta":{"om_disable_all_campaigns":false,"wprm-recipe-roundup-name":"","wprm-recipe-roundup-description":"","_monsterinsights_skip_tracking":false,"_monsterinsights_sitenote_active":false,"_monsterinsights_sitenote_note":"","_monsterinsights_sitenote_category":0,"_genesis_hide_title":false,"_genesis_hide_breadcrumbs":false,"_genesis_hide_singular_image":false,"_genesis_hide_footer_widgets":false,"_genesis_custom_body_class":"","_genesis_custom_post_class":"","_genesis_layout":"","footnotes":""},"class_list":{"0":"post-3131","1":"page","2":"type-page","3":"status-publish","4":"has-post-thumbnail","6":"entry"},"aioseo_notices":[],"yoast_head":"<!-- This site is optimized with the Yoast SEO plugin v27.2 - https:\/\/yoast.com\/product\/yoast-seo-wordpress\/ -->\n<title>Contato - LUCA NA COZINHA<\/title>\n<meta name=\"robots\" content=\"index, follow, max-snippet:-1, max-image-preview:large, max-video-preview:-1\" \/>\n<link rel=\"canonical\" href=\"https:\/\/lucanacozinha.com.br\/index.php\/contato\/\" \/>\n<meta property=\"og:locale\" content=\"pt_BR\" \/>\n<meta property=\"og:type\" content=\"article\" \/>\n<meta property=\"og:title\" content=\"Contato - LUCA NA COZINHA\" \/>\n<meta property=\"og:description\" content=\"Voc\u00ea tem um projeto culin\u00e1rio do qual voc\u00ea acha que eu poderia te ajudar ? Legal! &#8211; Estou animada para falar com voc\u00ea! Para qualquer projeto, colabora\u00e7\u00e3o, patroc\u00ednio, parceria e consultas gerais, envie um e-mail para lucanacozinha@gmail.com\u00a0 para entrar em contato ou atrav\u00e9s do form abaixo! \ud83d\ude09 &nbsp;\" \/>\n<meta property=\"og:url\" content=\"https:\/\/lucanacozinha.com.br\/index.php\/contato\/\" \/>\n<meta property=\"og:site_name\" content=\"LUCA NA COZINHA\" \/>\n<meta property=\"article:publisher\" content=\"https:\/\/www.facebook.com\/lucanacozinha\" \/>\n<meta property=\"article:modified_time\" content=\"2022-03-15T17:59:52+00:00\" \/>\n<meta property=\"og:image\" content=\"https:\/\/lucanacozinha.com.br\/wp-content\/uploads\/2018\/04\/2018.04.11-Fotos-Perfil-Profissional-Luca-44-1024x684.jpg\" \/>\n\t<meta property=\"og:image:width\" content=\"1024\" \/>\n\t<meta property=\"og:image:height\" content=\"684\" \/>\n\t<meta property=\"og:image:type\" content=\"image\/jpeg\" \/>\n<meta name=\"twitter:card\" content=\"summary_large_image\" \/>\n<meta name=\"twitter:label1\" content=\"Est. tempo de leitura\" \/>\n\t<meta name=\"twitter:data1\" content=\"1 minuto\" \/>\n<script type=\"application\/ld+json\" class=\"yoast-schema-graph\">{\"@context\":\"https:\/\/schema.org\",\"@graph\":[{\"@type\":\"WebPage\",\"@id\":\"https:\/\/lucanacozinha.com.br\/index.php\/contato\/\",\"url\":\"https:\/\/lucanacozinha.com.br\/index.php\/contato\/\",\"name\":\"Contato - LUCA NA COZINHA\",\"isPartOf\":{\"@id\":\"https:\/\/lucanacozinha.com.br\/#website\"},\"primaryImageOfPage\":{\"@id\":\"https:\/\/lucanacozinha.com.br\/index.php\/contato\/#primaryimage\"},\"image\":{\"@id\":\"https:\/\/lucanacozinha.com.br\/index.php\/contato\/#primaryimage\"},\"thumbnailUrl\":\"https:\/\/lucanacozinha.com.br\/wp-content\/uploads\/2018\/04\/2018.04.11-Fotos-Perfil-Profissional-Luca-44.jpg\",\"datePublished\":\"2018-05-30T01:39:14+00:00\",\"dateModified\":\"2022-03-15T17:59:52+00:00\",\"breadcrumb\":{\"@id\":\"https:\/\/lucanacozinha.com.br\/index.php\/contato\/#breadcrumb\"},\"inLanguage\":\"pt-BR\",\"potentialAction\":[{\"@type\":\"ReadAction\",\"target\":[\"https:\/\/lucanacozinha.com.br\/index.php\/contato\/\"]}]},{\"@type\":\"ImageObject\",\"inLanguage\":\"pt-BR\",\"@id\":\"https:\/\/lucanacozinha.com.br\/index.php\/contato\/#primaryimage\",\"url\":\"https:\/\/lucanacozinha.com.br\/wp-content\/uploads\/2018\/04\/2018.04.11-Fotos-Perfil-Profissional-Luca-44.jpg\",\"contentUrl\":\"https:\/\/lucanacozinha.com.br\/wp-content\/uploads\/2018\/04\/2018.04.11-Fotos-Perfil-Profissional-Luca-44.jpg\",\"width\":6016,\"height\":4016,\"caption\":\"contato\"},{\"@type\":\"BreadcrumbList\",\"@id\":\"https:\/\/lucanacozinha.com.br\/index.php\/contato\/#breadcrumb\",\"itemListElement\":[{\"@type\":\"ListItem\",\"position\":1,\"name\":\"In\u00edcio\",\"item\":\"https:\/\/lucanacozinha.com.br\/\"},{\"@type\":\"ListItem\",\"position\":2,\"name\":\"Contato\"}]},{\"@type\":\"WebSite\",\"@id\":\"https:\/\/lucanacozinha.com.br\/#website\",\"url\":\"https:\/\/lucanacozinha.com.br\/\",\"name\":\"LUCA NA COZINHA\",\"description\":\"Aqui sempre tem algu\u00e9m respirando ideias culin\u00e1rias =)\",\"publisher\":{\"@id\":\"https:\/\/lucanacozinha.com.br\/#\/schema\/person\/ccbda556f06303260edd9fa8bad76973\"},\"potentialAction\":[{\"@type\":\"SearchAction\",\"target\":{\"@type\":\"EntryPoint\",\"urlTemplate\":\"https:\/\/lucanacozinha.com.br\/?s={search_term_string}\"},\"query-input\":{\"@type\":\"PropertyValueSpecification\",\"valueRequired\":true,\"valueName\":\"search_term_string\"}}],\"inLanguage\":\"pt-BR\"},{\"@type\":[\"Person\",\"Organization\"],\"@id\":\"https:\/\/lucanacozinha.com.br\/#\/schema\/person\/ccbda556f06303260edd9fa8bad76973\",\"name\":\"Luca\",\"image\":{\"@type\":\"ImageObject\",\"inLanguage\":\"pt-BR\",\"@id\":\"https:\/\/lucanacozinha.com.br\/wp-content\/uploads\/2022\/08\/avatar_stock.jpg\",\"url\":\"https:\/\/lucanacozinha.com.br\/wp-content\/uploads\/2022\/08\/avatar_stock.jpg\",\"contentUrl\":\"https:\/\/lucanacozinha.com.br\/wp-content\/uploads\/2022\/08\/avatar_stock.jpg\",\"width\":80,\"height\":80,\"caption\":\"Luca\"},\"logo\":{\"@id\":\"https:\/\/lucanacozinha.com.br\/wp-content\/uploads\/2022\/08\/avatar_stock.jpg\"},\"sameAs\":[\"https:\/\/www.facebook.com\/lucanacozinha\",\"https:\/\/www.instagram.com\/lucanacozinha\",\"https:\/\/www.pinterest.com\/lucanacozinha\",\"https:\/\/youtube.com\/lucanacozinha\/\"]}]}<\/script>\n<!-- \/ Yoast SEO plugin. -->","yoast_head_json":{"title":"Contato - LUCA NA COZINHA","robots":{"index":"index","follow":"follow","max-snippet":"max-snippet:-1","max-image-preview":"max-image-preview:large","max-video-preview":"max-video-preview:-1"},"canonical":"https:\/\/lucanacozinha.com.br\/index.php\/contato\/","og_locale":"pt_BR","og_type":"article","og_title":"Contato - LUCA NA COZINHA","og_description":"Voc\u00ea tem um projeto culin\u00e1rio do qual voc\u00ea acha que eu poderia te ajudar ? Legal! &#8211; Estou animada para falar com voc\u00ea! Para qualquer projeto, colabora\u00e7\u00e3o, patroc\u00ednio, parceria e consultas gerais, envie um e-mail para lucanacozinha@gmail.com\u00a0 para entrar em contato ou atrav\u00e9s do form abaixo! \ud83d\ude09 &nbsp;","og_url":"https:\/\/lucanacozinha.com.br\/index.php\/contato\/","og_site_name":"LUCA NA COZINHA","article_publisher":"https:\/\/www.facebook.com\/lucanacozinha","article_modified_time":"2022-03-15T17:59:52+00:00","og_image":[{"width":1024,"height":684,"url":"https:\/\/lucanacozinha.com.br\/wp-content\/uploads\/2018\/04\/2018.04.11-Fotos-Perfil-Profissional-Luca-44-1024x684.jpg","type":"image\/jpeg"}],"twitter_card":"summary_large_image","twitter_misc":{"Est. tempo de leitura":"1 minuto"},"schema":{"@context":"https:\/\/schema.org","@graph":[{"@type":"WebPage","@id":"https:\/\/lucanacozinha.com.br\/index.php\/contato\/","url":"https:\/\/lucanacozinha.com.br\/index.php\/contato\/","name":"Contato - LUCA NA COZINHA","isPartOf":{"@id":"https:\/\/lucanacozinha.com.br\/#website"},"primaryImageOfPage":{"@id":"https:\/\/lucanacozinha.com.br\/index.php\/contato\/#primaryimage"},"image":{"@id":"https:\/\/lucanacozinha.com.br\/index.php\/contato\/#primaryimage"},"thumbnailUrl":"https:\/\/lucanacozinha.com.br\/wp-content\/uploads\/2018\/04\/2018.04.11-Fotos-Perfil-Profissional-Luca-44.jpg","datePublished":"2018-05-30T01:39:14+00:00","dateModified":"2022-03-15T17:59:52+00:00","breadcrumb":{"@id":"https:\/\/lucanacozinha.com.br\/index.php\/contato\/#breadcrumb"},"inLanguage":"pt-BR","potentialAction":[{"@type":"ReadAction","target":["https:\/\/lucanacozinha.com.br\/index.php\/contato\/"]}]},{"@type":"ImageObject","inLanguage":"pt-BR","@id":"https:\/\/lucanacozinha.com.br\/index.php\/contato\/#primaryimage","url":"https:\/\/lucanacozinha.com.br\/wp-content\/uploads\/2018\/04\/2018.04.11-Fotos-Perfil-Profissional-Luca-44.jpg","contentUrl":"https:\/\/lucanacozinha.com.br\/wp-content\/uploads\/2018\/04\/2018.04.11-Fotos-Perfil-Profissional-Luca-44.jpg","width":6016,"height":4016,"caption":"contato"},{"@type":"BreadcrumbList","@id":"https:\/\/lucanacozinha.com.br\/index.php\/contato\/#breadcrumb","itemListElement":[{"@type":"ListItem","position":1,"name":"In\u00edcio","item":"https:\/\/lucanacozinha.com.br\/"},{"@type":"ListItem","position":2,"name":"Contato"}]},{"@type":"WebSite","@id":"https:\/\/lucanacozinha.com.br\/#website","url":"https:\/\/lucanacozinha.com.br\/","name":"LUCA NA COZINHA","description":"Aqui sempre tem algu\u00e9m respirando ideias culin\u00e1rias =)","publisher":{"@id":"https:\/\/lucanacozinha.com.br\/#\/schema\/person\/ccbda556f06303260edd9fa8bad76973"},"potentialAction":[{"@type":"SearchAction","target":{"@type":"EntryPoint","urlTemplate":"https:\/\/lucanacozinha.com.br\/?s={search_term_string}"},"query-input":{"@type":"PropertyValueSpecification","valueRequired":true,"valueName":"search_term_string"}}],"inLanguage":"pt-BR"},{"@type":["Person","Organization"],"@id":"https:\/\/lucanacozinha.com.br\/#\/schema\/person\/ccbda556f06303260edd9fa8bad76973","name":"Luca","image":{"@type":"ImageObject","inLanguage":"pt-BR","@id":"https:\/\/lucanacozinha.com.br\/wp-content\/uploads\/2022\/08\/avatar_stock.jpg","url":"https:\/\/lucanacozinha.com.br\/wp-content\/uploads\/2022\/08\/avatar_stock.jpg","contentUrl":"https:\/\/lucanacozinha.com.br\/wp-content\/uploads\/2022\/08\/avatar_stock.jpg","width":80,"height":80,"caption":"Luca"},"logo":{"@id":"https:\/\/lucanacozinha.com.br\/wp-content\/uploads\/2022\/08\/avatar_stock.jpg"},"sameAs":["https:\/\/www.facebook.com\/lucanacozinha","https:\/\/www.instagram.com\/lucanacozinha","https:\/\/www.pinterest.com\/lucanacozinha","https:\/\/youtube.com\/lucanacozinha\/"]}]}},"amp_enabled":true,"_links":{"self":[{"href":"https:\/\/lucanacozinha.com.br\/index.php\/wp-json\/wp\/v2\/pages\/3131","targetHints":{"allow":["GET"]}}],"collection":[{"href":"https:\/\/lucanacozinha.com.br\/index.php\/wp-json\/wp\/v2\/pages"}],"about":[{"href":"https:\/\/lucanacozinha.com.br\/index.php\/wp-json\/wp\/v2\/types\/page"}],"author":[{"embeddable":true,"href":"https:\/\/lucanacozinha.com.br\/index.php\/wp-json\/wp\/v2\/users\/1"}],"replies":[{"embeddable":true,"href":"https:\/\/lucanacozinha.com.br\/index.php\/wp-json\/wp\/v2\/comments?post=3131"}],"version-history":[{"count":12,"href":"https:\/\/lucanacozinha.com.br\/index.php\/wp-json\/wp\/v2\/pages\/3131\/revisions"}],"predecessor-version":[{"id":9597,"href":"https:\/\/lucanacozinha.com.br\/index.php\/wp-json\/wp\/v2\/pages\/3131\/revisions\/9597"}],"wp:featuredmedia":[{"embeddable":true,"href":"https:\/\/lucanacozinha.com.br\/index.php\/wp-json\/wp\/v2\/media\/2989"}],"wp:attachment":[{"href":"https:\/\/lucanacozinha.com.br\/index.php\/wp-json\/wp\/v2\/media?parent=3131"}],"curies":[{"name":"wp","href":"https:\/\/api.w.org\/{rel}","templated":true}]}}